{"id":1420,"date":"2024-07-29T10:11:56","date_gmt":"2024-07-29T08:11:56","guid":{"rendered":"https:\/\/www.micosrl.it\/opere-complementari\/"},"modified":"2024-10-11T10:49:20","modified_gmt":"2024-10-11T08:49:20","slug":"zusatzloesungen","status":"publish","type":"page","link":"https:\/\/www.micosrl.it\/de\/zusatzloesungen\/","title":{"rendered":"Zusatzl\u00f6sungen"},"content":{"rendered":"<h1>Zusatzl\u00f6sungen<\/h1>\n<p>Zusatzl\u00f6sungen f\u00fcr das Haus und das Unternehmen<\/p>\n","protected":false},"excerpt":{"rendered":"<p>Zusatzl\u00f6sungen Zusatzl\u00f6sungen f\u00fcr das Haus und das Unternehmen<\/p>\n","protected":false},"author":1,"featured_media":996,"parent":0,"menu_order":0,"comment_status":"closed","ping_status":"closed","template":"page-opere-complementari.php","meta":{"_acf_changed":false,"inline_featured_image":false,"footnotes":""},"class_list":["post-1420","page","type-page","status-publish","has-post-thumbnail","hentry"],"acf":[],"yoast_head":"<!-- This site is optimized with the Yoast SEO plugin v27.4 - https:\/\/yoast.com\/product\/yoast-seo-wordpress\/ -->\n<title>Zusatzl\u00f6sungen - MI.CO.<\/title>\n<meta name=\"description\" content=\"Zusatzl\u00f6sungen Zusatzl\u00f6sungen f\u00fcr das Haus und das Unternehmen\" \/>\n<meta name=\"robots\" content=\"index, follow, max-snippet:-1, max-image-preview:large, max-video-preview:-1\" \/>\n<link rel=\"canonical\" href=\"https:\/\/www.micosrl.it\/de\/zusatzloesungen\/\" \/>\n<meta property=\"og:locale\" content=\"de_DE\" \/>\n<meta property=\"og:type\" content=\"article\" \/>\n<meta property=\"og:title\" content=\"Zusatzl\u00f6sungen - MI.CO.\" \/>\n<meta property=\"og:description\" content=\"Zusatzl\u00f6sungen Zusatzl\u00f6sungen f\u00fcr das Haus und das Unternehmen\" \/>\n<meta property=\"og:url\" content=\"https:\/\/www.micosrl.it\/de\/zusatzloesungen\/\" \/>\n<meta property=\"og:site_name\" content=\"MI.CO.\" \/>\n<meta property=\"article:publisher\" content=\"https:\/\/www.facebook.com\/micosrl\/\" \/>\n<meta property=\"article:modified_time\" content=\"2024-10-11T08:49:20+00:00\" \/>\n<meta property=\"og:image\" content=\"https:\/\/www.micosrl.it\/wp-content\/uploads\/2024\/07\/opere-complementari.jpg\" \/>\n\t<meta property=\"og:image:width\" content=\"1920\" \/>\n\t<meta property=\"og:image:height\" content=\"1440\" \/>\n\t<meta property=\"og:image:type\" content=\"image\/jpeg\" \/>\n<meta name=\"twitter:card\" content=\"summary_large_image\" \/>\n<script type=\"application\/ld+json\" class=\"yoast-schema-graph\">{\"@context\":\"https:\\\/\\\/schema.org\",\"@graph\":[{\"@type\":\"WebPage\",\"@id\":\"https:\\\/\\\/www.micosrl.it\\\/de\\\/zusatzloesungen\\\/\",\"url\":\"https:\\\/\\\/www.micosrl.it\\\/de\\\/zusatzloesungen\\\/\",\"name\":\"Zusatzl\u00f6sungen - MI.CO.\",\"isPartOf\":{\"@id\":\"https:\\\/\\\/www.micosrl.it\\\/de\\\/#website\"},\"primaryImageOfPage\":{\"@id\":\"https:\\\/\\\/www.micosrl.it\\\/de\\\/zusatzloesungen\\\/#primaryimage\"},\"image\":{\"@id\":\"https:\\\/\\\/www.micosrl.it\\\/de\\\/zusatzloesungen\\\/#primaryimage\"},\"thumbnailUrl\":\"https:\\\/\\\/www.micosrl.it\\\/wp-content\\\/uploads\\\/2024\\\/07\\\/opere-complementari.jpg\",\"datePublished\":\"2024-07-29T08:11:56+00:00\",\"dateModified\":\"2024-10-11T08:49:20+00:00\",\"description\":\"Zusatzl\u00f6sungen Zusatzl\u00f6sungen f\u00fcr das Haus und das Unternehmen\",\"breadcrumb\":{\"@id\":\"https:\\\/\\\/www.micosrl.it\\\/de\\\/zusatzloesungen\\\/#breadcrumb\"},\"inLanguage\":\"de\",\"potentialAction\":[{\"@type\":\"ReadAction\",\"target\":[\"https:\\\/\\\/www.micosrl.it\\\/de\\\/zusatzloesungen\\\/\"]}]},{\"@type\":\"ImageObject\",\"inLanguage\":\"de\",\"@id\":\"https:\\\/\\\/www.micosrl.it\\\/de\\\/zusatzloesungen\\\/#primaryimage\",\"url\":\"https:\\\/\\\/www.micosrl.it\\\/wp-content\\\/uploads\\\/2024\\\/07\\\/opere-complementari.jpg\",\"contentUrl\":\"https:\\\/\\\/www.micosrl.it\\\/wp-content\\\/uploads\\\/2024\\\/07\\\/opere-complementari.jpg\",\"width\":1920,\"height\":1440},{\"@type\":\"BreadcrumbList\",\"@id\":\"https:\\\/\\\/www.micosrl.it\\\/de\\\/zusatzloesungen\\\/#breadcrumb\",\"itemListElement\":[{\"@type\":\"ListItem\",\"position\":1,\"name\":\"Home\",\"item\":\"https:\\\/\\\/www.micosrl.it\\\/de\\\/\"},{\"@type\":\"ListItem\",\"position\":2,\"name\":\"Zusatzl\u00f6sungen\"}]},{\"@type\":\"WebSite\",\"@id\":\"https:\\\/\\\/www.micosrl.it\\\/de\\\/#website\",\"url\":\"https:\\\/\\\/www.micosrl.it\\\/de\\\/\",\"name\":\"MI.CO.\",\"description\":\"Infissi e carpenteria metallica\",\"publisher\":{\"@id\":\"https:\\\/\\\/www.micosrl.it\\\/de\\\/#organization\"},\"potentialAction\":[{\"@type\":\"SearchAction\",\"target\":{\"@type\":\"EntryPoint\",\"urlTemplate\":\"https:\\\/\\\/www.micosrl.it\\\/de\\\/?s={search_term_string}\"},\"query-input\":{\"@type\":\"PropertyValueSpecification\",\"valueRequired\":true,\"valueName\":\"search_term_string\"}}],\"inLanguage\":\"de\"},{\"@type\":\"Organization\",\"@id\":\"https:\\\/\\\/www.micosrl.it\\\/de\\\/#organization\",\"name\":\"MI.CO.\",\"url\":\"https:\\\/\\\/www.micosrl.it\\\/de\\\/\",\"logo\":{\"@type\":\"ImageObject\",\"inLanguage\":\"de\",\"@id\":\"https:\\\/\\\/www.micosrl.it\\\/de\\\/#\\\/schema\\\/logo\\\/image\\\/\",\"url\":\"https:\\\/\\\/www.micosrl.it\\\/wp-content\\\/uploads\\\/2025\\\/01\\\/logo-mico.png\",\"contentUrl\":\"https:\\\/\\\/www.micosrl.it\\\/wp-content\\\/uploads\\\/2025\\\/01\\\/logo-mico.png\",\"width\":556,\"height\":360,\"caption\":\"MI.CO.\"},\"image\":{\"@id\":\"https:\\\/\\\/www.micosrl.it\\\/de\\\/#\\\/schema\\\/logo\\\/image\\\/\"},\"sameAs\":[\"https:\\\/\\\/www.facebook.com\\\/micosrl\\\/\",\"https:\\\/\\\/www.instagram.com\\\/micoschiavi\"]}]}<\/script>\n<!-- \/ Yoast SEO plugin. -->","yoast_head_json":{"title":"Zusatzl\u00f6sungen - MI.CO.","description":"Zusatzl\u00f6sungen Zusatzl\u00f6sungen f\u00fcr das Haus und das Unternehmen","robots":{"index":"index","follow":"follow","max-snippet":"max-snippet:-1","max-image-preview":"max-image-preview:large","max-video-preview":"max-video-preview:-1"},"canonical":"https:\/\/www.micosrl.it\/de\/zusatzloesungen\/","og_locale":"de_DE","og_type":"article","og_title":"Zusatzl\u00f6sungen - MI.CO.","og_description":"Zusatzl\u00f6sungen Zusatzl\u00f6sungen f\u00fcr das Haus und das Unternehmen","og_url":"https:\/\/www.micosrl.it\/de\/zusatzloesungen\/","og_site_name":"MI.CO.","article_publisher":"https:\/\/www.facebook.com\/micosrl\/","article_modified_time":"2024-10-11T08:49:20+00:00","og_image":[{"width":1920,"height":1440,"url":"https:\/\/www.micosrl.it\/wp-content\/uploads\/2024\/07\/opere-complementari.jpg","type":"image\/jpeg"}],"twitter_card":"summary_large_image","schema":{"@context":"https:\/\/schema.org","@graph":[{"@type":"WebPage","@id":"https:\/\/www.micosrl.it\/de\/zusatzloesungen\/","url":"https:\/\/www.micosrl.it\/de\/zusatzloesungen\/","name":"Zusatzl\u00f6sungen - MI.CO.","isPartOf":{"@id":"https:\/\/www.micosrl.it\/de\/#website"},"primaryImageOfPage":{"@id":"https:\/\/www.micosrl.it\/de\/zusatzloesungen\/#primaryimage"},"image":{"@id":"https:\/\/www.micosrl.it\/de\/zusatzloesungen\/#primaryimage"},"thumbnailUrl":"https:\/\/www.micosrl.it\/wp-content\/uploads\/2024\/07\/opere-complementari.jpg","datePublished":"2024-07-29T08:11:56+00:00","dateModified":"2024-10-11T08:49:20+00:00","description":"Zusatzl\u00f6sungen Zusatzl\u00f6sungen f\u00fcr das Haus und das Unternehmen","breadcrumb":{"@id":"https:\/\/www.micosrl.it\/de\/zusatzloesungen\/#breadcrumb"},"inLanguage":"de","potentialAction":[{"@type":"ReadAction","target":["https:\/\/www.micosrl.it\/de\/zusatzloesungen\/"]}]},{"@type":"ImageObject","inLanguage":"de","@id":"https:\/\/www.micosrl.it\/de\/zusatzloesungen\/#primaryimage","url":"https:\/\/www.micosrl.it\/wp-content\/uploads\/2024\/07\/opere-complementari.jpg","contentUrl":"https:\/\/www.micosrl.it\/wp-content\/uploads\/2024\/07\/opere-complementari.jpg","width":1920,"height":1440},{"@type":"BreadcrumbList","@id":"https:\/\/www.micosrl.it\/de\/zusatzloesungen\/#breadcrumb","itemListElement":[{"@type":"ListItem","position":1,"name":"Home","item":"https:\/\/www.micosrl.it\/de\/"},{"@type":"ListItem","position":2,"name":"Zusatzl\u00f6sungen"}]},{"@type":"WebSite","@id":"https:\/\/www.micosrl.it\/de\/#website","url":"https:\/\/www.micosrl.it\/de\/","name":"MI.CO.","description":"Infissi e carpenteria metallica","publisher":{"@id":"https:\/\/www.micosrl.it\/de\/#organization"},"potentialAction":[{"@type":"SearchAction","target":{"@type":"EntryPoint","urlTemplate":"https:\/\/www.micosrl.it\/de\/?s={search_term_string}"},"query-input":{"@type":"PropertyValueSpecification","valueRequired":true,"valueName":"search_term_string"}}],"inLanguage":"de"},{"@type":"Organization","@id":"https:\/\/www.micosrl.it\/de\/#organization","name":"MI.CO.","url":"https:\/\/www.micosrl.it\/de\/","logo":{"@type":"ImageObject","inLanguage":"de","@id":"https:\/\/www.micosrl.it\/de\/#\/schema\/logo\/image\/","url":"https:\/\/www.micosrl.it\/wp-content\/uploads\/2025\/01\/logo-mico.png","contentUrl":"https:\/\/www.micosrl.it\/wp-content\/uploads\/2025\/01\/logo-mico.png","width":556,"height":360,"caption":"MI.CO."},"image":{"@id":"https:\/\/www.micosrl.it\/de\/#\/schema\/logo\/image\/"},"sameAs":["https:\/\/www.facebook.com\/micosrl\/","https:\/\/www.instagram.com\/micoschiavi"]}]}},"_links":{"self":[{"href":"https:\/\/www.micosrl.it\/de\/wp-json\/wp\/v2\/pages\/1420","targetHints":{"allow":["GET"]}}],"collection":[{"href":"https:\/\/www.micosrl.it\/de\/wp-json\/wp\/v2\/pages"}],"about":[{"href":"https:\/\/www.micosrl.it\/de\/wp-json\/wp\/v2\/types\/page"}],"author":[{"embeddable":true,"href":"https:\/\/www.micosrl.it\/de\/wp-json\/wp\/v2\/users\/1"}],"replies":[{"embeddable":true,"href":"https:\/\/www.micosrl.it\/de\/wp-json\/wp\/v2\/comments?post=1420"}],"version-history":[{"count":0,"href":"https:\/\/www.micosrl.it\/de\/wp-json\/wp\/v2\/pages\/1420\/revisions"}],"wp:featuredmedia":[{"embeddable":true,"href":"https:\/\/www.micosrl.it\/de\/wp-json\/wp\/v2\/media\/996"}],"wp:attachment":[{"href":"https:\/\/www.micosrl.it\/de\/wp-json\/wp\/v2\/media?parent=1420"}],"curies":[{"name":"wp","href":"https:\/\/api.w.org\/{rel}","templated":true}]}}